{"id":239,"date":"2014-08-27T14:51:53","date_gmt":"2014-08-27T14:51:53","guid":{"rendered":"http:\/\/test2.webando.net\/privacy-2"},"modified":"2018-11-18T14:47:58","modified_gmt":"2018-11-18T14:47:58","slug":"privacy","status":"publish","type":"page","link":"https:\/\/www.pelletteriarr.it\/en\/privacy","title":{"rendered":"Privacy policy"},"content":{"rendered":"<p>L\u2019informativa per il <strong>trattamento dei dati personali<\/strong> \u00e8 disponibile cliccando il seguente link: <a class=\"iubenda-white iubenda-embed\" title=\"Privacy Policy\" href=\"\/\/www.iubenda.com\/privacy-policy\/768127\">Privacy Policy<\/a><script>\/\/ <![CDATA[ (function (w,d) {var loader = function () {var s = d.createElement(\"script\"), tag = d.getElementsByTagName(\"script\")[0]; s.src = \"\/\/cdn.iubenda.com\/iubenda.js\"; tag.parentNode.insertBefore(s,tag);}; if(w.addEventListener){w.addEventListener(\"load\", loader, false);}else if(w.attachEvent){w.attachEvent(\"onload\", loader);}else{w.onload = loader;}})(window, document); \/\/ ]]><\/script><\/p>\n<p><strong>Informativa Privacy resa ai sensi del Regolamento UE 679\/2016<\/strong><strong><br \/>\nGENERAL DATA PROTECTION REGULATION\u00a0<\/strong><\/p>\n<p><strong>Secondo le normative indicate il trattamento dei dati sar\u00e0 improntato ai principi di correttezza, liceit\u00e0, trasparenza e tutela della riservatezza e dei diritti dell\u2019utente.<\/strong><br \/>\nQuesta informativa per gli utenti\/visitatori che interagiscono con il sito web\u00a0<strong>www.pelletteriarr.it<\/strong> \u00e8 resa ai sensi del Regolamento UE 2016\/679 relativo \u201calle persone fisiche con riguardo al trattamento dei dati personali nonch\u00e9 alla libera circolazione di tali dati\u201d ed alla normativa di cookie sulla rete ed in particolare dell\u2019emanazione del Provvedimento del Garante della Privacy dell\u20198 Maggio 2014 \u201cIndividuazione delle modalit\u00e0 semplificate per l\u2019informativa e l\u2019acquisizione del consenso per l\u2019uso dei cookie\u201d e dei successivi &#8220;Chiarimenti in merito all&#8217;attuazione della normativa in materia di cookie&#8221; emessi il 5 giugno 2015.<br \/>\nLa stessa descrive esclusivamente le modalit\u00e0 di gestione del sito , in riferimento al trattamento dei dati personali degli utenti\/visitatori che lo consultano, e non anche di siti web esterni consultabili dagli utenti cliccando sui link presenti su tale sito.<br \/>\nInformazioni aggiuntive potranno essere fornite all&#8217;interno di specifiche sezioni.<\/p>\n<p>&nbsp;<\/p>\n<ol>\n<li><strong> TIPOLOGIA DI DATI TRATTATI E FINALITA\u2019 DEL TRATTAMENTO<\/strong><\/li>\n<\/ol>\n<p><strong>1.1. Dati di navigazione<\/strong><br \/>\nI sistemi informatici e gli applicativi dedicati al funzionamento di questo sito web acquisiscono, nel corso del loro normale esercizio, alcuni dati personali la cui trasmissione \u00e8 implicita nell&#8217;uso dei protocolli di comunicazione di Internet.<\/p>\n<p>Si tratta di informazioni che non sono raccolte per essere associate a interessati identificati, ma che per loro stessa natura potrebbero, attraverso elaborazioni ed associazioni con dati detenuti da terzi, permettere di identificare gli utenti\/visitatori.<\/p>\n<p>Tra i dati raccolti sono compresi gli indirizzi IP o i nomi a dominio dei computer utilizzati dagli utenti che si connettono al sito, gli indirizzi in notazione URI (Uniform Resource Identifier) delle risorse richieste, l&#8217;orario della richiesta, il metodo utilizzato nel sottoporre la richiesta al server, la dimensione del file ottenuto in risposta, il codice numerico indicante lo stato della risposta data dal server (buon fine, errore, ecc.) ed altri parametri relativi al sistema operativo e all&#8217;ambiente informatico dell&#8217;utente.<\/p>\n<p>Questi dati vengono trattati, per il tempo necessario al raggiungimento della finalit\u00e0 per cui sono raccolti, al solo fine di ricavare informazioni statistiche anonime sull&#8217;uso del sito (accessi allo stesso) e per controllarne il regolare funzionamento.<\/p>\n<p>I dati potrebbero essere utilizzati per l\u2019accertamento di responsabilit\u00e0 in caso di ipotetici reati informatici ai danni del sito.<\/p>\n<p>&nbsp;<\/p>\n<p><strong>1.2. Dati forniti volontariamente dall&#8217;utente<\/strong><br \/>\nL&#8217;invio di messaggi di posta elettronica agli indirizzi indicati su questo sito (ad esempio al fine di chiedere informazioni) comporta l\u2019acquisizione dell&#8217;indirizzo del mittente, nonch\u00e9 degli eventuali altri dati personali inseriti nei messaggi. Tali dati saranno trattati unicamente al fine di evadere la richiesta e comunicati a terzi nei soli casi in cui ci\u00f2 sia necessario per l&#8217;adempimento della stessa (es. servizio di spedizione della documentazione richiesta).<\/p>\n<p>Qualora agli utenti\/visitatori sia richiesto, per accedere a determinati servizi, di conferire propri dati personali, sar\u00e0 previamente rilasciata, nelle pagine relative ai singoli servizi, apposita e dettagliata Informativa sul relativo trattamento ai sensi della normativa vigente che specificher\u00e0 limiti, finalit\u00e0 e modalit\u00e0 del trattamento stesso.<\/p>\n<p>&nbsp;<\/p>\n<p><strong>1.3. Cookies<\/strong><br \/>\n<strong>Descrizione dei cookies<\/strong><br \/>\nI cookies sono piccoli file di testo che vengono inviati dal sito web visitato dall\u2019utente sul dispositivo dell&#8217;utente stesso (solitamente al browser), dove vengono memorizzati in modo che tale dispositivo possa essere riconosciuto alla successiva visita dell\u2019utente sul sito. Ad ogni visita successiva, infatti, i cookies sono rinviati dal dispositivo dell\u2019utente al sito.<\/p>\n<p>I cookies possono essere \u201cinstallati\u201d (pi\u00f9 precisamente, memorizzati ed acceduti) per\u00f2, non solo dallo stesso gestore del sito visitato dall\u2019utente (cookies di prima parte), ma anche da un sito diverso che \u201cinstalla\u201d cookies per il tramite del primo sito (cookies di terze parti) ed \u00e8 in grado di riconoscerli. Questo accade perch\u00e9 sul sito visitato possono essere presenti elementi (immagini, mappe, suoni, link a pagine web di altri domini, etc) che risiedono su server diversi da quello del sito visitato.<\/p>\n<p><strong>In base alla finalit\u00e0, i cookies si distinguono in cookies tecnici ed in cookies di profilazione.<\/strong><br \/>\nI cookies tecnici sono \u201cinstallati\u201d al solo fine di &#8220;effettuare la trasmissione di una comunicazione su una rete di comunicazione elettronica, o nella misura strettamente necessaria al fornitore di un servizio della societ\u00e0 dell&#8217;informazione esplicitamente richiesto dall&#8217;abbonato o dall&#8217;utente a erogare tale servizio&#8221; .<\/p>\n<p>Sono solitamente utilizzati per consentire una navigazione efficiente tra le pagine, memorizzare le preferenze degli utenti (es. dimensione carattere, lingua, paese, etc), memorizzare informazioni su specifiche configurazioni degli utenti stessi, gestirne l\u2019autenticazione, etc. Alcuni di questi cookies (detti essenziali o strictly necessary), come quelli di sessione utilizzati per gestire il carrello nei siti di e-commerce, abilitano funzioni senza le quali non sarebbe possibile effettuare alcune operazioni.<br \/>\nL\u2019utilizzo dei cookies tecnici non richiede il consenso degli utenti.<\/p>\n<p>Ai cookies tecnici sono assimilati (e, pertanto, per la relativa istallazione, non \u00e8 richiesto il consenso degli utenti, n\u00e9 gli ulteriori adempimenti normativi) i cookie cd. \u201canalytics\u201d che servono a monitorare l&#8217;uso del sito da parte degli utenti per finalit\u00e0 di ottimizzazione dello stesso \u2013 se utilizzati direttamente dal sito prima parte (senza, dunque, l&#8217;intervento di soggetti terzi), nonch\u00e9 i cookies analitici realizzati e messi a disposizione da terze parti ed utilizzati dal sito prima parte per meri fini statistici, qualora vengano adottati strumenti idonei a ridurne il potere identificativo (ad esempio, mediante il mascheramento di porzioni significative dell&#8217;indirizzo IP) e la terza parte si impegni espressamente a non &#8220;incrociare&#8221; le informazioni contenute in tali cookies con altre di cui dispone.<\/p>\n<p>I cookies di profilazione servono a tracciare la navigazione dell\u2019utente ed analizzare il suo comportamento ai fini marketing e sono volti a creare profili relativi all&#8217;utente e vengono utilizzati al fine di inviare messaggi pubblicitari in linea con le preferenze manifestate dallo stesso nell&#8217;ambito della navigazione in rete. Tali cookies possono essere installati sul terminale dell\u2019utente solo se questo abbia espresso il proprio consenso con le modalit\u00e0 indicate nel Provvedimento.<\/p>\n<p>In base alla loro durata, i cookies si distinguono in persistenti, che rimangono memorizzati, fino alla loro scadenza, sul dispositivo dell\u2019utente, salva rimozione da parte di quest\u2019ultimo, e di sessione, che non vengono memorizzati in modo persistente sul dispositivo dell\u2019utente e svaniscono con la chiusura del browser.<\/p>\n<p>Solitamente, i cookies di profilazione sono cookies persistenti.<\/p>\n<p>&nbsp;<\/p>\n<p><strong>Cookies utilizzati sul presente sito<\/strong><br \/>\nIl presente sito fa uso di cookies tecnici, per consentire una navigazione sicura ed efficiente sul sito di e monitorarne il funzionamento.<\/p>\n<p>&nbsp;<\/p>\n<p><strong>Come si cancellano i cookies<\/strong><br \/>\nSi segnala che di default quasi tutti i browser web sono impostati per accettare automaticamente i cookie di prima parte. I navigatori possono, in ogni caso, modificare la configurazione predefinita attraverso le impostazioni del browser; la disabilitazione \/ il blocco dei cookie o la loro cancellazione potrebbero per\u00f2 precludere la fruizione ottimale del sito o di alcune aree dello stesso. La modalit\u00e0 di gestione dei cookie dipende dal tipo di browser utilizzato, e spesso dalla specifica versione dello stesso. Di solito, in ogni caso, \u00e8 necessario accedere alle Impostazioni del browser e intervenire sulle regole preimpostate, decidendo quali tipologie di cookie disabilitare e\/o rimuovendo quelli esistenti. Informazioni dettagliate sulla procedura per configurare le impostazioni sui cookie possono essere trovate nelle guide del browser utilizzato (generalmente accessibili da PC mediante il tasto F1 o cliccando sull\u2019icona a forma di punto di interrogativo generalmente presente all\u2019interno del browser stesso). Si rimanda inoltre alle guide di cancellazione dei principali browser ed ai link seguenti:<\/p>\n<p>Google Chrome Chrome: https:\/\/support.google.com\/chrome\/answer\/95647?hl=it<br \/>\nFirefox: http:\/\/support.mozilla.org\/it\/kb\/Eliminare%20i%20cookie<br \/>\nInternet Explorer: http:\/\/windows.microsoft.com\/it-it\/internet-explorer\/delete-manage-cookies#ie=ie-10<br \/>\nOpera: http:\/\/www.opera.com\/help\/tutorials\/security\/privacy\/<br \/>\nSafari: http:\/\/support.apple.com\/kb\/ph11920<\/p>\n<p>&nbsp;<\/p>\n<ol start=\"2\">\n<li><strong> MODALITA&#8217; DEL TRATTAMENTO<\/strong><br \/>\nIl trattamento dei dati personali viene effettuato attraverso strumenti automatizzati (ad es. utilizzando procedure e supporti elettronici) e\/o manualmente (ad es. su supporto cartaceo) per il tempo strettamente necessario a conseguire gli scopi per i quali i dati sono stati raccolti e, comunque, in conformit\u00e0 alle disposizioni normative vigenti in materia.Il trattamento dati sar\u00e0 inoltre effettuato con logiche di organizzazione ed elaborazione strettamente correlate alle finalit\u00e0 stesse e comunque in modo da garantire la sicurezza, l\u2019integrit\u00e0 e la riservatezza dei dati stessi nel rispetto delle misure organizzative, fisiche e logiche previste dalle disposizioni vigenti.<\/li>\n<\/ol>\n<p>&nbsp;<\/p>\n<ol start=\"3\">\n<li><strong> FACOLTATIVITA&#8217; DEL CONFERIMENTO DEI DATI<\/strong><br \/>\nSalvo quanto sopra specificato per i dati di navigazione ed i cookie, il visitatore \u00e8 libero di fornire o meno propri dati personali, come nel caso di richieste di informazioni o di contatto inviate tramite posta elettronica o di richieste di accesso a servizi, utilities ed applicazioni liberamente scelti. Il loro mancato conferimento pu\u00f2 comportare l\u2019impossibilit\u00e0 di ottenere quanto richiesto e pu\u00f2 precludere a\u00a0<strong>PELLETTERIA ARTIGIANA RR\u00a0<\/strong>la possibilit\u00e0 di assolvere agli adempimenti contrattuali come previsti dal contratto di mandato.<\/li>\n<\/ol>\n<p>&nbsp;<\/p>\n<ol start=\"4\">\n<li><strong> TITOLARE, RESPONSABILI E CATEGORIE DI INCARICATI<\/strong><br \/>\nIl Titolare del trattamento dei dati personali \u00e8 PELLETTERIA ARTIGIANA RR con sede in via Marecchiese 99 &#8211; 47922 Rimini, nella persona del suo Legale Rappresentante Renzo Romano.I trattamenti connessi ai servizi web di questo sito sono curati esclusivamente da personale tecnico, incaricato del trattamento.<\/p>\n<p>Oltre che dai dipendenti del Titolare, alcune operazioni di trattamento dei dati personali potrebbero essere effettuate anche da soggetti terzi, ai quali l\u2019azienda affida l\u2019attivit\u00e0 di gestione\/manutenzione del sito. In tale evenienza gli stessi soggetti verranno nominati Responsabili del trattamento.<\/p>\n<p>Informazioni relative ai responsabili del trattamento sono agevolmente reperibili inviando un\u2019email all\u2019indirizzo info@pelletteriarr.it<br \/>\n<strong>I dati non saranno oggetto di diffusione.<\/strong><\/li>\n<\/ol>\n<p>&nbsp;<\/p>\n<ol start=\"5\">\n<li><strong> DIRITTI DEGLI INTERESSATI<\/strong><br \/>\nI soggetti cui si riferiscono i dati personali hanno il diritto, in qualunque momento, di ottenere la conferma dell&#8217;esistenza o meno dei medesimi dati e di conoscerne il contenuto e l&#8217;origine, verificarne l&#8217;esattezza o chiederne l&#8217;integrazione o l&#8217;aggiornamento, oppure la rettificazione.<br \/>\nGli interessati hanno altres\u00ec il diritto di chiedere la cancellazione, la trasformazione in forma anonima o il blocco dei dati che li riguardano, trattati in violazione di legge, nonch\u00e9 di opporsi in ogni caso, per motivi legittimi, al loro trattamento.Ai sensi dell\u2019Art. 13 GDPR UE i soggetti cui si riferiscono i dati hanno sempre il diritto di conoscere l\u2019identit\u00e0 ed i dati di contatto del Titolare del trattamento e dove necessario del suo rappresentante, i dati di contatto del responsabile della protezione dei dati, le finalit\u00e0 del trattamento cui sono destinati i dati personali nonch\u00e9 la basa giuridica del trattamento, gli interessi legittimi perseguiti dal Titolare del trattamento o da terzi nominati titolari, gli eventuali destinatari o categorie di destinatari di dati personali, il periodo di conservazione dei dati e l\u2019intenzione del Titolare del trattamento di trasferire dati personali a un paese terzo o a una organizzazione internazionale.<\/p>\n<p>I soggetti cui si riferiscono i dati, ai sensi dell\u2019Art. 13 GDPR UE 2016\/679 possono inoltre in qualunque momento esercitare il diritto di:<\/p>\n<p>&#8211; avere accesso ai dati personali;<\/p>\n<p>&#8211; ottenere la rettifica o la cancellazione degli stessi o la limitazione del trattamento che lo riguardano;<\/p>\n<p>&#8211; opporsi al trattamento dei dati;<\/p>\n<p>&#8211; utilizzare la portabilit\u00e0 dei dati;<\/p>\n<p>&#8211; revocare il consenso in qualsiasi momento senza pregiudicare la liceit\u00e0 del trattamento basata sul consenso conferito prima della revoca;<\/p>\n<p>&#8211; proporre reclamo ad una autorit\u00e0 di controllo, per l\u2019Italia Garante Privacy;<\/p>\n<p>&#8211; essere informati riguardo alla possibilit\u00e0 che la comunicazione di dati personali pu\u00f2 essere un obbligo legale o contrattuale oppure un requisito necessario per la conclusione di un contratto, e sapere se l&#8217;interessato ha l&#8217;obbligo di fornire i dati personali nonch\u00e9 le possibili conseguenze della mancata comunicazione di tali dati;<\/p>\n<p>&#8211; essere informati circa l\u2019esistenza di un processo decisionale automatizzato, compresa la profilazione e in tali casi, ricevere informazioni significative sulla logica utilizzata, nonch\u00e9 sull&#8217;importanza e le conseguenze previste di tale trattamento per l&#8217;interessato.<\/p>\n<p><strong>Ai sensi dell\u2019Art. 14 GDPR UE qualora i dati non siano stati ottenuti presso l&#8217;interessato<\/strong>, il Titolare del trattamento\u00a0<strong>PELLETTERIA ARTIGIANA RR <\/strong>fornir\u00e0 all&#8217;interessato le seguenti informazioni:<\/p>\n<p><strong>1.<\/strong>a) l&#8217;identit\u00e0 e i dati di contatto del Titolare del trattamento e, ove applicabile, del suo rappresentante;<\/p>\n<p>b) i dati di contatto del responsabile della protezione dei dati, ove applicabile;<\/p>\n<p>c) le finalit\u00e0 del trattamento cui sono destinati i dati personali nonch\u00e9 la base giuridica del trattamento;<\/p>\n<p>d) le categorie di dati personali in questione;<\/p>\n<p>e) gli eventuali destinatari o le eventuali categorie di destinatari dei dati personali;<\/p>\n<p>f) ove applicabile, l&#8217;intenzione del Titolare del trattamento di trasferire dati personali a un destinatario in un paese terzo e l&#8217;esistenza o l&#8217;assenza di una decisione di adeguatezza della Commissione Europea o nei casi necessari il riferimento alle garanzie adeguate o opportune e i mezzi per ottenere una copia di tali dati o il luogo dove sono stati resi disponibili.<\/p>\n<p><strong>2.<\/strong>Oltre alle informazioni di cui al paragrafo 1, il Titolare del trattamento fornir\u00e0 all&#8217;interessato le seguenti informazioni necessarie per garantire un trattamento corretto e trasparente nei confronti dell&#8217;interessato:<\/p>\n<p>a) il periodo di conservazione dei dati personali oppure, se non \u00e8 possibile, i criteri utilizzati per determinare tale periodo;<\/p>\n<p>b) i legittimi interessi perseguiti dal titolare del trattamento o da terzi;<\/p>\n<p>c) l&#8217;esistenza del diritto dell&#8217;interessato di chiedere al titolare del trattamento l&#8217;accesso ai dati personali e la rettifica o la cancellazione degli stessi o la limitazione del trattamento dei dati personali che lo riguardano e di opporsi al loro trattamento, oltre al diritto alla portabilit\u00e0 dei dati;<\/p>\n<p>d) l&#8217;esistenza del diritto di revocare il consenso in qualsiasi momento senza pregiudicare la liceit\u00e0 del trattamento basata sul consenso prima della revoca;<\/p>\n<p>e) il diritto di proporre reclamo a un&#8217;autorit\u00e0 di controllo, per l\u2019Italia Garante Privacy;<\/p>\n<p>f) la fonte da cui hanno origine i dati personali e, se del caso, l&#8217;eventualit\u00e0 che i dati provengano da fonti accessibili al pubblico;<\/p>\n<p>g) l&#8217;esistenza di un processo decisionale automatizzato, compresa la profilazione e, almeno in tali casi, informazioni significative sulla logica utilizzata, nonch\u00e9 l&#8217;importanza e le conseguenze previste di tale trattamento per l&#8217;interessato;<\/li>\n<\/ol>\n<p><strong>\u00a0 \u00a0 \u00a0 \u00a0 \u00a03.<\/strong>Il Titolare del trattamento\u00a0<strong>PELLETTERIA ARTIGIANA RR <\/strong>\u00a0fornisce le informazioni di cui ai paragrafi 1 e 2:<\/p>\n<p style=\"text-align: left; padding-left: 30px;\">\u00a0 a) entro un termine ragionevole dall&#8217;ottenimento dei dati personali, ma al pi\u00f9 tardi entro un mese, in considerazione delle specifiche circostanze\u00a0 \u00a0 \u00a0 \u00a0 \u00a0 \u00a0in cui i dati personali sono trattati;<\/p>\n<p style=\"padding-left: 30px;\">\u00a0 b) nel caso in cui i dati personali siano destinati alla comunicazione con l&#8217;interessato, al pi\u00f9 tardi al momento della prima comunicazione\u00a0 \u00a0 \u00a0 \u00a0 \u00a0 \u00a0 \u00a0 \u00a0 \u00a0 \u00a0 \u00a0 \u00a0all&#8217;interessato; oppure nel caso sia prevista la comunicazione ad altro destinatario, non oltre la prima comunicazione dei dati personali.<\/p>\n<p><strong>\u00a0 \u00a0 \u00a0 \u00a0 \u00a04.<\/strong>Qualora il Titolare del trattamento intenda trattare ulteriormente i dati personali per una finalit\u00e0 diversa da quella per cui essi sono stati\u00a0 \u00a0 \u00a0 \u00a0 \u00a0 \u00a0 \u00a0 \u00a0 \u00a0 \u00a0ottenuti, prima di tale ulteriore trattamento fornir\u00e0 all&#8217;interessato informazioni in merito a tale diversa finalit\u00e0 e ogni informazione pertinente di\u00a0 \u00a0 \u00a0 \u00a0 \u00a0 \u00a0 \u00a0cui al paragrafo 2.<\/p>\n<p>Per qualunque informazione in merito al trattamento dei dati gli utenti possono inviare una email a info@pelletteriarr.it<\/p>\n<p>&nbsp;<\/p>\n<p><strong>La presente Privacy Policy \u00e8 soggetta ad aggiornamenti.<\/strong><\/p>\n","protected":false},"excerpt":{"rendered":"<p>L\u2019informativa per il trattamento dei dati personali \u00e8 disponibile cliccando il seguente link: Privacy Policy Informativa Privacy resa ai sensi [&hellip;]<\/p>\n","protected":false},"author":2,"featured_media":0,"parent":0,"menu_order":0,"comment_status":"open","ping_status":"closed","template":"","meta":{"footnotes":""},"class_list":["post-239","page","type-page","status-publish","hentry"],"_links":{"self":[{"href":"https:\/\/www.pelletteriarr.it\/en\/wp-json\/wp\/v2\/pages\/239","targetHints":{"allow":["GET"]}}],"collection":[{"href":"https:\/\/www.pelletteriarr.it\/en\/wp-json\/wp\/v2\/pages"}],"about":[{"href":"https:\/\/www.pelletteriarr.it\/en\/wp-json\/wp\/v2\/types\/page"}],"author":[{"embeddable":true,"href":"https:\/\/www.pelletteriarr.it\/en\/wp-json\/wp\/v2\/users\/2"}],"replies":[{"embeddable":true,"href":"https:\/\/www.pelletteriarr.it\/en\/wp-json\/wp\/v2\/comments?post=239"}],"version-history":[{"count":9,"href":"https:\/\/www.pelletteriarr.it\/en\/wp-json\/wp\/v2\/pages\/239\/revisions"}],"predecessor-version":[{"id":2213,"href":"https:\/\/www.pelletteriarr.it\/en\/wp-json\/wp\/v2\/pages\/239\/revisions\/2213"}],"wp:attachment":[{"href":"https:\/\/www.pelletteriarr.it\/en\/wp-json\/wp\/v2\/media?parent=239"}],"curies":[{"name":"wp","href":"https:\/\/api.w.org\/{rel}","templated":true}]}}